{"id":4646,"date":"2020-09-30T03:04:47","date_gmt":"2020-09-30T06:04:47","guid":{"rendered":"https:\/\/roevoconsultora.com.ar\/index.php\/projects\/"},"modified":"2023-11-19T09:23:05","modified_gmt":"2023-11-19T12:23:05","slug":"projects","status":"publish","type":"page","link":"https:\/\/roevoconsultora.com.ar\/index.php\/projects\/","title":{"rendered":"Servicios"},"content":{"rendered":"\n<div class=\"wp-block-uagb-container uagb-block-0b9d1019 alignfull uagb-is-root-container\"><div class=\"uagb-container-inner-blocks-wrap\">\n<div class=\"wp-block-uagb-advanced-heading uagb-block-cab96444\"><h1 class=\"uagb-heading-text\">Servicios<\/h1><p class=\"uagb-desc-text\">Brindamos un completo asesoramiento pre-venta, sobre aspectos comerciales y funcionales de las soluciones Tango Software \u00ae.  Contamos con servicios de instalaci\u00f3n, configuraci\u00f3n, capacitaci\u00f3n prestados por agentes certificados. <\/p><\/div>\n<\/div><\/div>\n\n\n\n<div class=\"wp-block-uagb-container uagb-block-9317b2c1 alignfull uagb-is-root-container\"><div class=\"uagb-container-inner-blocks-wrap\">\n<div class=\"wp-block-uagb-container uagb-block-15d321f0 alignfull uagb-is-root-container\"><div class=\"uagb-container-inner-blocks-wrap\">\n<div class=\"wp-block-uagb-container uagb-block-5159d6e4\">\n<div class=\"wp-block-uagb-advanced-heading uagb-block-bc9347ef\"><h6 class=\"uagb-heading-text\">Servicios <\/h6><\/div>\n\n\n\n<div class=\"wp-block-uagb-advanced-heading uagb-block-a2b30838\"><h2 class=\"uagb-heading-text\">Asesoramiento<\/h2><\/div>\n\n\n\n<div class=\"wp-block-uagb-info-box uagb-block-6951aa8d uagb-infobox__content-wrap  uagb-infobox-icon-left-title uagb-infobox-left uagb-infobox-image-valign-middle\"><div class=\"uagb-ifb-content\"><div class=\"uagb-ifb-left-title-image\"><div class=\"uagb-ifb-icon-wrap\"><svg xmlns=\"https:\/\/www.w3.org\/2000\/svg\" viewBox=\"0 0 384 512\"><path d=\"M168.3 499.2C116.1 435 0 279.4 0 192C0 85.96 85.96 0 192 0C298 0 384 85.96 384 192C384 279.4 267 435 215.7 499.2C203.4 514.5 180.6 514.5 168.3 499.2H168.3zM192 256C227.3 256 256 227.3 256 192C256 156.7 227.3 128 192 128C156.7 128 128 156.7 128 192C128 227.3 156.7 256 192 256z\"><\/path><\/svg><\/div><div class=\"uagb-ifb-title-wrap\"><p class=\"uagb-ifb-title\">NEA Argentina<\/p><\/div><\/div><\/div><\/div>\n<\/div>\n\n\n\n<div class=\"wp-block-uagb-container uagb-block-797c1e39\">\n<div class=\"wp-block-uagb-advanced-heading uagb-block-5b466df7\"><p class=\"uagb-heading-text\">\u00bfCu\u00e1l es la contribuci\u00f3n de Tango Software\u00ae al logro de los resultados de su empresa?\u00a0\u00a0<\/p><\/div>\n<\/div>\n\n\n\n<div class=\"wp-block-uagb-container uagb-block-83f69184\">\n<div class=\"wp-block-uagb-icon-list uagb-block-a8e029bc\"><div class=\"uagb-icon-list__wrap\">\n<div class=\"wp-block-uagb-icon-list-child uagb-block-aaec3690\"><span class=\"uagb-icon-list__source-wrap\"><svg xmlns=\"https:\/\/www.w3.org\/2000\/svg\" viewBox=\"0 0 512 512\"><path d=\"M0 256C0 114.6 114.6 0 256 0C397.4 0 512 114.6 512 256C512 397.4 397.4 512 256 512C114.6 512 0 397.4 0 256zM371.8 211.8C382.7 200.9 382.7 183.1 371.8 172.2C360.9 161.3 343.1 161.3 332.2 172.2L224 280.4L179.8 236.2C168.9 225.3 151.1 225.3 140.2 236.2C129.3 247.1 129.3 264.9 140.2 275.8L204.2 339.8C215.1 350.7 232.9 350.7 243.8 339.8L371.8 211.8z\"><\/path><\/svg><\/span><span class=\"uagb-icon-list__label\">Registra la ejecuci\u00f3n del plan de negocios<\/span><\/div>\n\n\n\n<div class=\"wp-block-uagb-icon-list-child uagb-block-9a0c8b33\"><span class=\"uagb-icon-list__source-wrap\"><svg xmlns=\"https:\/\/www.w3.org\/2000\/svg\" viewBox=\"0 0 512 512\"><path d=\"M0 256C0 114.6 114.6 0 256 0C397.4 0 512 114.6 512 256C512 397.4 397.4 512 256 512C114.6 512 0 397.4 0 256zM371.8 211.8C382.7 200.9 382.7 183.1 371.8 172.2C360.9 161.3 343.1 161.3 332.2 172.2L224 280.4L179.8 236.2C168.9 225.3 151.1 225.3 140.2 236.2C129.3 247.1 129.3 264.9 140.2 275.8L204.2 339.8C215.1 350.7 232.9 350.7 243.8 339.8L371.8 211.8z\"><\/path><\/svg><\/span><span class=\"uagb-icon-list__label\">Obtiene indicadores confiables<\/span><\/div>\n\n\n\n<div class=\"wp-block-uagb-icon-list-child uagb-block-c39ed9ae\"><span class=\"uagb-icon-list__source-wrap\"><svg xmlns=\"https:\/\/www.w3.org\/2000\/svg\" viewBox=\"0 0 512 512\"><path d=\"M0 256C0 114.6 114.6 0 256 0C397.4 0 512 114.6 512 256C512 397.4 397.4 512 256 512C114.6 512 0 397.4 0 256zM371.8 211.8C382.7 200.9 382.7 183.1 371.8 172.2C360.9 161.3 343.1 161.3 332.2 172.2L224 280.4L179.8 236.2C168.9 225.3 151.1 225.3 140.2 236.2C129.3 247.1 129.3 264.9 140.2 275.8L204.2 339.8C215.1 350.7 232.9 350.7 243.8 339.8L371.8 211.8z\"><\/path><\/svg><\/span><span class=\"uagb-icon-list__label\">Es flexible y escalable en su configuraci\u00f3n y uso<\/span><\/div>\n\n\n\n<div class=\"wp-block-uagb-icon-list-child uagb-block-4e3b53d2\"><span class=\"uagb-icon-list__source-wrap\"><svg xmlns=\"https:\/\/www.w3.org\/2000\/svg\" viewBox=\"0 0 512 512\"><path d=\"M0 256C0 114.6 114.6 0 256 0C397.4 0 512 114.6 512 256C512 397.4 397.4 512 256 512C114.6 512 0 397.4 0 256zM371.8 211.8C382.7 200.9 382.7 183.1 371.8 172.2C360.9 161.3 343.1 161.3 332.2 172.2L224 280.4L179.8 236.2C168.9 225.3 151.1 225.3 140.2 236.2C129.3 247.1 129.3 264.9 140.2 275.8L204.2 339.8C215.1 350.7 232.9 350.7 243.8 339.8L371.8 211.8z\"><\/path><\/svg><\/span><span class=\"uagb-icon-list__label\">Demo Gratis disponible<\/span><\/div>\n<\/div><\/div>\n<\/div>\n<\/div><\/div>\n\n\n\n<div class=\"wp-block-uagb-image uagb-block-f6c8d4c2 wp-block-uagb-image--layout-default wp-block-uagb-image--effect-static wp-block-uagb-image--align-none\"><figure class=\"wp-block-uagb-image__figure\"><img decoding=\"async\" srcset=\"https:\/\/roevoconsultora.com.ar\/wp-content\/uploads\/2020\/08\/roofing-featured-project.jpg \" sizes=\"(max-width: 480px) 150px\" src=\"https:\/\/roevoconsultora.com.ar\/wp-content\/uploads\/2020\/08\/roofing-featured-project.jpg\" alt=\"\" class=\"uag-image-164\" width=\"1200\" height=\"480\" title=\"\" loading=\"lazy\"\/><\/figure><\/div>\n\n\n\n<div class=\"wp-block-uagb-container uagb-block-1e893c86 alignwide uagb-is-root-container\">\n<div class=\"wp-block-uagb-container uagb-block-2e5f283a\">\n<div class=\"wp-block-uagb-info-box uagb-block-e81ff60b uagb-infobox__content-wrap  uagb-infobox-icon-above-title uagb-infobox-image-valign-top\"><div class=\"uagb-ifb-content\"><div class=\"uagb-ifb-icon-wrap\"><svg xmlns=\"https:\/\/www.w3.org\/2000\/svg\" viewBox=\"0 0 448 512\"><path d=\"M96 224C84.72 224 74.05 226.3 64 229.9V224c0-35.3 28.7-64 64-64c17.67 0 32-14.33 32-32S145.7 96 128 96C57.42 96 0 153.4 0 224v96c0 53.02 42.98 96 96 96s96-42.98 96-96S149 224 96 224zM352 224c-11.28 0-21.95 2.305-32 5.879V224c0-35.3 28.7-64 64-64c17.67 0 32-14.33 32-32s-14.33-32-32-32c-70.58 0-128 57.42-128 128v96c0 53.02 42.98 96 96 96s96-42.98 96-96S405 224 352 224z\"><\/path><\/svg><\/div><div class=\"uagb-ifb-title-wrap\"><span class=\"uagb-ifb-title-prefix\">Recomendamos las soluciones centr\u00e1ndonos en su negocio: de necesidades de informaci\u00f3n actuales de su empresa, de sus integrantes. <br>Compartimos la potencialidad del software, proyectamos los tiempos de implementaci\u00f3n y configuraci\u00f3n necesarios. <br>Acompa\u00f1amos a los usuarios durante el aprendizaje en el uso del software.<\/span><p class=\"uagb-ifb-title\">roEvo Consultora<\/p><\/div><p class=\"uagb-ifb-desc\">Sobre Nuestros Servicios<\/p><\/div><\/div>\n<\/div>\n\n\n\n<div class=\"wp-block-uagb-container uagb-block-28f0ddcb\">\n<div class=\"wp-block-uagb-image uagb-block-ed35ede1 wp-block-uagb-image--layout-default wp-block-uagb-image--effect-static wp-block-uagb-image--align-none\"><figure class=\"wp-block-uagb-image__figure\"><img decoding=\"async\" srcset=\"https:\/\/roevoconsultora.com.ar\/wp-content\/uploads\/2022\/11\/roofing-featured-client-photo.png \" sizes=\"(max-width: 480px) 150px\" src=\"https:\/\/roevoconsultora.com.ar\/wp-content\/uploads\/2022\/11\/roofing-featured-client-photo.png\" alt=\"\" class=\"uag-image-775\" width=\"363\" height=\"476\" title=\"\" loading=\"lazy\"\/><\/figure><\/div>\n<\/div>\n<\/div>\n<\/div><\/div>\n\n\n\n<div class=\"wp-block-uagb-container uagb-block-4c7d0ba2 alignfull uagb-is-root-container\"><div class=\"uagb-container-inner-blocks-wrap\">\n<div class=\"wp-block-uagb-container uagb-block-811313bf default uagb-is-root-container\">\n<div class=\"wp-block-uagb-container uagb-block-4caee79e\">\n<div class=\"wp-block-uagb-image uagb-block-38a06126 wp-block-uagb-image--layout-default wp-block-uagb-image--effect-static wp-block-uagb-image--align-none\"><figure class=\"wp-block-uagb-image__figure\"><img decoding=\"async\" srcset=\"https:\/\/websitedemos.net\/roofing-services-08\/wp-content\/uploads\/sites\/709\/2020\/08\/roofing-service-commercial-1024x401.jpg \" sizes=\"(max-width: 480px) 150px\" src=\"https:\/\/websitedemos.net\/roofing-services-08\/wp-content\/uploads\/sites\/709\/2020\/08\/roofing-service-commercial-1024x401.jpg\" alt=\"\" class=\"uag-image-153\" width=\"1024\" height=\"401\" title=\"\" loading=\"lazy\"\/><\/figure><\/div>\n\n\n\n<div class=\"wp-block-uagb-advanced-heading uagb-block-2bc7d12b\"><p class=\"uagb-heading-text\">Commercial Roofing<\/p><\/div>\n\n\n\n<div class=\"wp-block-uagb-advanced-heading uagb-block-d94d4042\"><h3 class=\"uagb-heading-text\">Capacitaci\u00f3n In Company<\/h3><p class=\"uagb-desc-text\">Risus varius adipiscing nam mauris, sit vel nunc lorem lacus, ut volutpat enim orci molestie est et lorem laoreet sit quis amet, nunc sed quam pretium nibh et, urna proin euismod sagittis.<\/p><\/div>\n\n\n\n<div class=\"wp-block-uagb-container uagb-block-75701de8\">\n<div class=\"wp-block-uagb-advanced-heading uagb-block-bb49fca0\"><p class=\"uagb-heading-text\">&#8220;Lorem ipsum dolor sit amet, consectetur adipiscing elit. Ut elit tellus, luctus nec ullamcorper mattis, pulvinar dapibus leo.&#8221;\u200b<\/p><\/div>\n\n\n\n<div class=\"wp-block-uagb-info-box uagb-block-af247d7c uagb-infobox__content-wrap  uagb-infobox-icon-left-title uagb-infobox-left uagb-infobox-image-valign-middle\"><div class=\"uagb-ifb-content\"><div class=\"uagb-ifb-left-title-image\"><div class=\"uagb-ifb-image-content\"><img decoding=\"async\" src=\"https:\/\/roevoconsultora.com.ar\/wp-content\/uploads\/2020\/08\/roofing-client-1.jpg\" alt=\"\" width=\"\" height=\"0\" loading=\"lazy\"\/><\/div><div class=\"uagb-ifb-title-wrap\"><p class=\"uagb-ifb-title\">John Allison\u200b<\/p><\/div><\/div><\/div><\/div>\n<\/div>\n<\/div>\n\n\n\n<div class=\"wp-block-uagb-container uagb-block-c9ecae06\">\n<div class=\"wp-block-uagb-image uagb-block-6475dc60 wp-block-uagb-image--layout-default wp-block-uagb-image--effect-static wp-block-uagb-image--align-none\"><figure class=\"wp-block-uagb-image__figure\"><img decoding=\"async\" srcset=\"https:\/\/websitedemos.net\/roofing-services-08\/wp-content\/uploads\/sites\/709\/2020\/08\/after-strom-roof-repair-1024x401.jpg \" sizes=\"(max-width: 480px) 150px\" src=\"https:\/\/websitedemos.net\/roofing-services-08\/wp-content\/uploads\/sites\/709\/2020\/08\/after-strom-roof-repair-1024x401.jpg\" alt=\"\" class=\"uag-image-196\" width=\"1024\" height=\"401\" title=\"\" loading=\"lazy\"\/><\/figure><\/div>\n\n\n\n<div class=\"wp-block-uagb-advanced-heading uagb-block-2580448b\"><p class=\"uagb-heading-text\">After Storm Damage<\/p><\/div>\n\n\n\n<div class=\"wp-block-uagb-advanced-heading uagb-block-62c9e4ad\"><h3 class=\"uagb-heading-text\">Mesa de Ayuda <\/h3><p class=\"uagb-desc-text\">Risus varius adipiscing nam mauris, sit vel nunc lorem lacus, ut volutpat enim orci molestie est et lorem laoreet sit quis amet, nunc sed quam pretium nibh et, urna proin euismod sagittis.<\/p><\/div>\n\n\n\n<div class=\"wp-block-uagb-container uagb-block-ab8b2b88\">\n<div class=\"wp-block-uagb-advanced-heading uagb-block-2c91f73d\"><p class=\"uagb-heading-text\">&#8220;Lorem ipsum dolor sit amet, consectetur adipiscing elit. Ut elit tellus, luctus nec ullamcorper mattis, pulvinar dapibus leo.&#8221;\u200b<\/p><\/div>\n\n\n\n<div class=\"wp-block-uagb-info-box uagb-block-b42c8c25 uagb-infobox__content-wrap  uagb-infobox-icon-left-title uagb-infobox-left uagb-infobox-image-valign-middle\"><div class=\"uagb-ifb-content\"><div class=\"uagb-ifb-left-title-image\"><div class=\"uagb-ifb-image-content\"><img decoding=\"async\" src=\"https:\/\/roevoconsultora.com.ar\/wp-content\/uploads\/2020\/08\/roofing-client-3.jpg\" alt=\"\" width=\"\" height=\"0\" loading=\"lazy\"\/><\/div><div class=\"uagb-ifb-title-wrap\"><p class=\"uagb-ifb-title\">Edward B. Suarez\u200b<\/p><\/div><\/div><\/div><\/div>\n<\/div>\n<\/div>\n<\/div>\n\n\n\n<div class=\"wp-block-uagb-container uagb-block-f106053c default uagb-is-root-container\">\n<div class=\"wp-block-uagb-container uagb-block-04098b52\">\n<div class=\"wp-block-uagb-image uagb-block-4512db15 wp-block-uagb-image--layout-default wp-block-uagb-image--effect-static wp-block-uagb-image--align-none\"><figure class=\"wp-block-uagb-image__figure\"><img decoding=\"async\" srcset=\"https:\/\/websitedemos.net\/roofing-services-08\/wp-content\/uploads\/sites\/709\/2020\/08\/roofing-service-residential-1024x401.jpg \" sizes=\"(max-width: 480px) 150px\" src=\"https:\/\/websitedemos.net\/roofing-services-08\/wp-content\/uploads\/sites\/709\/2020\/08\/roofing-service-residential-1024x401.jpg\" alt=\"\" class=\"uag-image-154\" width=\"1024\" height=\"401\" title=\"\" loading=\"lazy\"\/><\/figure><\/div>\n\n\n\n<div class=\"wp-block-uagb-advanced-heading uagb-block-c2f60d08\"><p class=\"uagb-heading-text\">Residential Roofing<\/p><\/div>\n\n\n\n<div class=\"wp-block-uagb-advanced-heading uagb-block-49e9845d\"><h3 class=\"uagb-heading-text\">Puesta en Marcha<\/h3><p class=\"uagb-desc-text\">Risus varius adipiscing nam mauris, sit vel nunc lorem lacus, ut volutpat enim orci molestie est et lorem laoreet sit quis amet, nunc sed quam pretium nibh et, urna proin euismod sagittis.<\/p><\/div>\n\n\n\n<div class=\"wp-block-uagb-container uagb-block-c3f87ac0\">\n<div class=\"wp-block-uagb-advanced-heading uagb-block-b42cbd6c\"><p class=\"uagb-heading-text\">&#8220;Lorem ipsum dolor sit amet, consectetur adipiscing elit. Ut elit tellus, luctus nec ullamcorper mattis, pulvinar dapibus leo.&#8221;\u200b<\/p><\/div>\n\n\n\n<div class=\"wp-block-uagb-info-box uagb-block-21aac079 uagb-infobox__content-wrap  uagb-infobox-icon-left-title uagb-infobox-left uagb-infobox-image-valign-middle\"><div class=\"uagb-ifb-content\"><div class=\"uagb-ifb-left-title-image\"><div class=\"uagb-ifb-image-content\"><img decoding=\"async\" src=\"https:\/\/roevoconsultora.com.ar\/wp-content\/uploads\/2020\/08\/roofing-client-2.jpg\" alt=\"\" width=\"\" height=\"0\" loading=\"lazy\"\/><\/div><div class=\"uagb-ifb-title-wrap\"><p class=\"uagb-ifb-title\">Alicia Potter\u200b<\/p><\/div><\/div><\/div><\/div>\n<\/div>\n<\/div>\n\n\n\n<div class=\"wp-block-uagb-container uagb-block-ec8d8f6b\">\n<div class=\"wp-block-uagb-image uagb-block-a3923d22 wp-block-uagb-image--layout-default wp-block-uagb-image--effect-static wp-block-uagb-image--align-none\"><figure class=\"wp-block-uagb-image__figure\"><img decoding=\"async\" srcset=\"https:\/\/websitedemos.net\/roofing-services-08\/wp-content\/uploads\/sites\/709\/2020\/08\/comercial-skylight-install-1024x401.jpg \" sizes=\"(max-width: 480px) 150px\" src=\"https:\/\/websitedemos.net\/roofing-services-08\/wp-content\/uploads\/sites\/709\/2020\/08\/comercial-skylight-install-1024x401.jpg\" alt=\"\" class=\"uag-image-197\" width=\"1024\" height=\"401\" title=\"\" loading=\"lazy\"\/><\/figure><\/div>\n\n\n\n<div class=\"wp-block-uagb-advanced-heading uagb-block-ab75b863\"><p class=\"uagb-heading-text\">Commercial Roofing<\/p><\/div>\n\n\n\n<div class=\"wp-block-uagb-advanced-heading uagb-block-c607ab41\"><h3 class=\"uagb-heading-text\">Configuraciones<\/h3><p class=\"uagb-desc-text\">Risus varius adipiscing nam mauris, sit vel nunc lorem lacus, ut volutpat enim orci molestie est et lorem laoreet sit quis amet, nunc sed quam pretium nibh et, urna proin euismod sagittis.<\/p><\/div>\n\n\n\n<div class=\"wp-block-uagb-container uagb-block-305b8495\">\n<div class=\"wp-block-uagb-advanced-heading uagb-block-03299bc7\"><p class=\"uagb-heading-text\">&#8220;Lorem ipsum dolor sit amet, consectetur adipiscing elit. Ut elit tellus, luctus nec ullamcorper mattis, pulvinar dapibus leo.&#8221;\u200b<\/p><\/div>\n\n\n\n<div class=\"wp-block-uagb-info-box uagb-block-b66a6d61 uagb-infobox__content-wrap  uagb-infobox-icon-left-title uagb-infobox-left uagb-infobox-image-valign-middle\"><div class=\"uagb-ifb-content\"><div class=\"uagb-ifb-left-title-image\"><div class=\"uagb-ifb-image-content\"><img decoding=\"async\" src=\"https:\/\/roevoconsultora.com.ar\/wp-content\/uploads\/2020\/08\/roofing-client-1.jpg\" alt=\"\" width=\"\" height=\"0\" loading=\"lazy\"\/><\/div><div class=\"uagb-ifb-title-wrap\"><p class=\"uagb-ifb-title\">Kevin Clark\u200b<\/p><\/div><\/div><\/div><\/div>\n<\/div>\n<\/div>\n<\/div>\n<\/div><\/div>\n","protected":false},"excerpt":{"rendered":"<p>Servicios Brindamos un completo asesoramiento pre-venta, sobre aspectos comerciales y funcionales de las soluciones Tango Software \u00ae. Contamos con servicios de instalaci\u00f3n, configuraci\u00f3n, capacitaci\u00f3n prestados por agentes certificados. Servicios Asesoramiento \u00bfCu\u00e1l es la contribuci\u00f3n de Tango Software\u00ae al logro de los resultados de su empresa?\u00a0\u00a0 Commercial Roofing Capacitaci\u00f3n In Company Risus varius adipiscing nam mauris, &hellip;<\/p>\n<p class=\"read-more\"> <a class=\"\" href=\"https:\/\/roevoconsultora.com.ar\/index.php\/projects\/\"> <span class=\"screen-reader-text\">Servicios<\/span> Leer m\u00e1s &raquo;<\/a><\/p>\n","protected":false},"author":1,"featured_media":0,"parent":0,"menu_order":0,"comment_status":"closed","ping_status":"closed","template":"","meta":{"_uag_custom_page_level_css":"","site-sidebar-layout":"no-sidebar","site-content-layout":"plain-container","ast-site-content-layout":"normal-width-container","site-content-style":"unboxed","site-sidebar-style":"unboxed","ast-global-header-display":"","ast-banner-title-visibility":"","ast-main-header-display":"","ast-hfb-above-header-display":"","ast-hfb-below-header-display":"","ast-hfb-mobile-header-display":"","site-post-title":"disabled","ast-breadcrumbs-content":"","ast-featured-img":"disabled","footer-sml-layout":"","theme-transparent-header-meta":"enabled","adv-header-id-meta":"","stick-header-meta":"","header-above-stick-meta":"","header-main-stick-meta":"","header-below-stick-meta":"","astra-migrate-meta-layouts":"set","ast-page-background-enabled":"default","ast-page-background-meta":{"desktop":{"background-color":"","background-image":"","background-repeat":"repeat","background-position":"center center","background-size":"auto","background-attachment":"scroll","background-type":"","background-media":"","overlay-type":"","overlay-color":"","overlay-gradient":""},"tablet":{"background-color":"","background-image":"","background-repeat":"repeat","background-position":"center center","background-size":"auto","background-attachment":"scroll","background-type":"","background-media":"","overlay-type":"","overlay-color":"","overlay-gradient":""},"mobile":{"background-color":"","background-image":"","background-repeat":"repeat","background-position":"center center","background-size":"auto","background-attachment":"scroll","background-type":"","background-media":"","overlay-type":"","overlay-color":"","overlay-gradient":""}},"ast-content-background-meta":{"desktop":{"background-color":"var(--ast-global-color-5)","background-image":"","background-repeat":"repeat","background-position":"center center","background-size":"auto","background-attachment":"scroll","background-type":"","background-media":"","overlay-type":"","overlay-color":"","overlay-gradient":""},"tablet":{"background-color":"var(--ast-global-color-5)","background-image":"","background-repeat":"repeat","background-position":"center center","background-size":"auto","background-attachment":"scroll","background-type":"","background-media":"","overlay-type":"","overlay-color":"","overlay-gradient":""},"mobile":{"background-color":"var(--ast-global-color-5)","background-image":"","background-repeat":"repeat","background-position":"center center","background-size":"auto","background-attachment":"scroll","background-type":"","background-media":"","overlay-type":"","overlay-color":"","overlay-gradient":""}}},"uagb_featured_image_src":{"full":false,"thumbnail":false,"medium":false,"medium_large":false,"large":false,"post-slider-thumb-size":false,"post-category-slider-size":false,"1536x1536":false,"2048x2048":false},"uagb_author_info":{"display_name":"Roc\u00edo Ravarotto","author_link":"https:\/\/roevoconsultora.com.ar\/index.php\/author\/rocio\/"},"uagb_comment_info":0,"uagb_excerpt":"Servicios Brindamos un completo asesoramiento pre-venta, sobre aspectos comerciales y funcionales de las soluciones Tango Software \u00ae. Contamos con servicios de instalaci\u00f3n, configuraci\u00f3n, capacitaci\u00f3n prestados por agentes certificados. Servicios Asesoramiento \u00bfCu\u00e1l es la contribuci\u00f3n de Tango Software\u00ae al logro de los resultados de su empresa?\u00a0\u00a0 Commercial Roofing Capacitaci\u00f3n In Company Risus varius adipiscing nam mauris,&hellip;","_links":{"self":[{"href":"https:\/\/roevoconsultora.com.ar\/index.php\/wp-json\/wp\/v2\/pages\/4646"}],"collection":[{"href":"https:\/\/roevoconsultora.com.ar\/index.php\/wp-json\/wp\/v2\/pages"}],"about":[{"href":"https:\/\/roevoconsultora.com.ar\/index.php\/wp-json\/wp\/v2\/types\/page"}],"author":[{"embeddable":true,"href":"https:\/\/roevoconsultora.com.ar\/index.php\/wp-json\/wp\/v2\/users\/1"}],"replies":[{"embeddable":true,"href":"https:\/\/roevoconsultora.com.ar\/index.php\/wp-json\/wp\/v2\/comments?post=4646"}],"version-history":[{"count":6,"href":"https:\/\/roevoconsultora.com.ar\/index.php\/wp-json\/wp\/v2\/pages\/4646\/revisions"}],"predecessor-version":[{"id":4717,"href":"https:\/\/roevoconsultora.com.ar\/index.php\/wp-json\/wp\/v2\/pages\/4646\/revisions\/4717"}],"wp:attachment":[{"href":"https:\/\/roevoconsultora.com.ar\/index.php\/wp-json\/wp\/v2\/media?parent=4646"}],"curies":[{"name":"wp","href":"https:\/\/api.w.org\/{rel}","templated":true}]}}